{"id":346,"date":"2018-07-31T23:58:08","date_gmt":"2018-07-31T23:58:08","guid":{"rendered":"http:\/\/elmonohabitado.com\/?page_id=346"},"modified":"2018-08-01T09:25:36","modified_gmt":"2018-08-01T09:25:36","slug":"aviso-legal","status":"publish","type":"page","link":"https:\/\/elmonohabitado.com\/en\/aviso-legal","title":{"rendered":"Aviso legal"},"content":{"rendered":"<h2>LSSICE<\/h2>\n<p>ADAPTACI\u00d3N A LA LEY 34\/2002 DE SERVICIOS DE LA SOCIEDAD DE LA INFORMACI\u00d3N Y COMERCIO ELECTR\u00d3NICO (LSSICE).<br \/>\nSe recomienda la inclusi\u00f3n de un enlace a este Aviso Legal, en cada una de las p\u00e1ginas que componen el sitio web:<\/p>\n<h2>AVISO LEGAL:<\/h2>\n<p>En cumplimiento del art\u00edculo 10 de la Ley 34\/2002, de 11 de julio, de Servicios de la Sociedad de la Informaci\u00f3n y Comercio Electr\u00f3nico (LSSICE) a continuaci\u00f3n se detallan los datos identificativos de la empresa:<\/p>\n<p>Nombre empresa: El mono habitado<br \/>\nRaz\u00f3n social: elmonohabitado.com<br \/>\nNIF: 09323004T<br \/>\nDirecci\u00f3n: C\/Cercas Bajas 23, 1\u00ba dcha 01001- Vitoria-Gasteiz<br \/>\nTel\u00e9fono: 677 349 861 <br \/>\nEmail: elmonohabitado@gmail.com<\/p>\n<h2>FINALIDAD DE LA P\u00c1GINA WEB.<\/h2>\n<p>Las finalidades de elmonohabitado.com son el mantenimiento y gesti\u00f3n de la relaci\u00f3n con el Usuario, as\u00ed como las labores de informaci\u00f3n y venta de productos online.<br \/>\nEl presente aviso legal (en adelante, el \u201cAviso Legal\u201d) regula el uso del sitio web: http:\/\/elmonohabitado.com<\/p>\n<h2>LEGISLACI\u00d3N.<\/h2>\n<p>Con car\u00e1cter general las relaciones entre 09323004T con los Usuarios de sus servicios telem\u00e1ticos, presentes en este sitio web, se encuentran sometidas a la legislaci\u00f3n y jurisdicci\u00f3n espa\u00f1olas.<\/p>\n<h2>USO Y ACCESO DE USUARIOS.<\/h2>\n<p>El Usuario queda informado, y acepta, que el acceso a la presente web no supone, en modo alguno, el inicio de una relaci\u00f3n comercial con elmonohabitado.com () o cualquiera de sus delegaciones.<\/p>\n<h2>PROPIEDAD INTELECTUAL E INDUSTRIAL.<\/h2>\n<p>Los derechos de propiedad intelectual del contenido de las p\u00e1ginas web, su dise\u00f1o gr\u00e1fico y c\u00f3digos son titularidad de elmonohabitado.com y, por tanto, queda prohibida su reproducci\u00f3n, distribuci\u00f3n, comunicaci\u00f3n p\u00fablica, transformaci\u00f3n o cualquier otra actividad que se pueda realizar con los contenidos de sus p\u00e1ginas web ni aun citando las fuentes, salvo<br \/>\nconsentimiento por escrito de elmonohabitado.com .<\/p>\n<h2>CONTENIDO DE LA WEB Y ENLACES <\/h2>\n<p>elmonohabitado.com se reserva el derecho a actualizar, modificar o eliminar la informaci\u00f3n contenida en sus p\u00e1ginas web pudiendo incluso limitar o no permitir el acceso a dicha informaci\u00f3n a ciertos usuarios.<br \/>\nelmonohabitado.com no asume responsabilidad alguna por la informaci\u00f3n contenida en p\u00e1ginas web de terceros a las que se pueda acceder por \u201clinks\u201d o enlaces desde cualquier p\u00e1gina web propiedad de elmonohabitado.com . La presencia de \u201clinks\u201d o enlaces en las p\u00e1ginas web de elmonohabitado.com  tiene finalidad meramente informativa y en ning\u00fan caso supone sugerencia, invitaci\u00f3n o recomendaci\u00f3n sobre los mismos.<\/p>\n<h2>\nNota:<\/h2>\n<p>(La siguiente pol\u00edtica de cookies s\u00f3lo debe tenerse en cuenta en caso de utilizar cookies, debe confirmar con su programador web, la informaci\u00f3n de \u00e9sta cl\u00e1usula y adaptarla si es necesario a su sitio web)<\/p>\n<p>Puede consultar nuestra pol\u00edtica de cookies <a href=\"http:\/\/elmonohabitado.com\/politica-de-cookies\">aqu\u00ed<\/a>.<\/p>\n<h2>Cesi\u00f3n de datos a terceros<\/h2>\n<p>elmonohabitado.com no realizar\u00e1 cesi\u00f3n de datos de los usuarios a terceros.<\/p>\n<p>Ejercicio de derechos de acceso, rectificaci\u00f3n, cancelaci\u00f3n y oposici\u00f3n<\/p>\n<p>Podr\u00e1 dirigir sus comunicaciones y ejercitar los derechos de acceso, rectificaci\u00f3n, cancelaci\u00f3n y oposici\u00f3n en la direcci\u00f3n de Internet a elmonohabitado@gmail.com o bien por correo ordinario dirigido a C\/Cercas Bajas 23, 1\u00ba dcha 01001- Vitoria-Gasteiz elmonohabitado.com,<\/p>\n<h2>Aceptaci\u00f3n y Consentimiento<\/h2>\n<p>El Usuario declara haber sido informado de las condiciones sobre protecci\u00f3n de datos personales, aceptando y consintiendo el tratamiento automatizado de los mismos por parte de elmonohabitado.com, en la forma y para las finalidades indicadas en la presente Pol\u00edtica de Protecci\u00f3n de Datos Personales. Ciertos servicios prestados en el Portal pueden contener condiciones particulares con previsiones espec\u00edficas en materia de protecci\u00f3n de Datos Personales.<\/p>\n","protected":false},"excerpt":{"rendered":"<p>LSSICE ADAPTACI\u00d3N A LA LEY 34\/2002 DE SERVICIOS DE LA SOCIEDAD DE LA INFORMACI\u00d3N Y COMERCIO ELECTR\u00d3NICO (LSSICE). Se recomienda la inclusi\u00f3n de un enlace&hellip; <\/p>\n","protected":false},"author":1,"featured_media":0,"parent":0,"menu_order":0,"comment_status":"closed","ping_status":"closed","template":"","meta":{"_monsterinsights_skip_tracking":false,"_monsterinsights_sitenote_active":false,"_monsterinsights_sitenote_note":"","_monsterinsights_sitenote_category":0},"translation":{"provider":"WPGlobus","version":"2.8.11","language":"en","enabled_languages":["es","eu","en"],"languages":{"es":{"title":true,"content":true,"excerpt":false},"eu":{"title":false,"content":true,"excerpt":false},"en":{"title":false,"content":true,"excerpt":false}}},"_links":{"self":[{"href":"https:\/\/elmonohabitado.com\/en\/wp-json\/wp\/v2\/pages\/346"}],"collection":[{"href":"https:\/\/elmonohabitado.com\/en\/wp-json\/wp\/v2\/pages"}],"about":[{"href":"https:\/\/elmonohabitado.com\/en\/wp-json\/wp\/v2\/types\/page"}],"author":[{"embeddable":true,"href":"https:\/\/elmonohabitado.com\/en\/wp-json\/wp\/v2\/users\/1"}],"replies":[{"embeddable":true,"href":"https:\/\/elmonohabitado.com\/en\/wp-json\/wp\/v2\/comments?post=346"}],"version-history":[{"count":3,"href":"https:\/\/elmonohabitado.com\/en\/wp-json\/wp\/v2\/pages\/346\/revisions"}],"predecessor-version":[{"id":428,"href":"https:\/\/elmonohabitado.com\/en\/wp-json\/wp\/v2\/pages\/346\/revisions\/428"}],"wp:attachment":[{"href":"https:\/\/elmonohabitado.com\/en\/wp-json\/wp\/v2\/media?parent=346"}],"curies":[{"name":"wp","href":"https:\/\/api.w.org\/{rel}","templated":true}]}}