{"id":180,"date":"2018-07-31T16:37:57","date_gmt":"2018-07-31T16:37:57","guid":{"rendered":"http:\/\/elmonohabitado.com\/?page_id=180"},"modified":"2025-01-21T22:51:03","modified_gmt":"2025-01-21T22:51:03","slug":"espectaculos","status":"publish","type":"page","link":"https:\/\/elmonohabitado.com\/eu\/espectaculos","title":{"rendered":"Ikuskizunak"},"content":{"rendered":"\n<figure class=\"wp-block-image alignwide size-large is-style-default\"><img loading=\"lazy\" width=\"1024\" height=\"518\" src=\"http:\/\/elmonohabitado.com\/wp-content\/uploads\/2018\/08\/ESPECT\u00c1CULOS-CASTELLANO-1024x518.png\" alt=\"\" class=\"wp-image-537\" srcset=\"https:\/\/elmonohabitado.com\/wp-content\/uploads\/2018\/08\/ESPECT\u00c1CULOS-CASTELLANO-1024x518.png 1024w, https:\/\/elmonohabitado.com\/wp-content\/uploads\/2018\/08\/ESPECT\u00c1CULOS-CASTELLANO-300x152.png 300w, https:\/\/elmonohabitado.com\/wp-content\/uploads\/2018\/08\/ESPECT\u00c1CULOS-CASTELLANO-768x389.png 768w, https:\/\/elmonohabitado.com\/wp-content\/uploads\/2018\/08\/ESPECT\u00c1CULOS-CASTELLANO.png 1600w\" sizes=\"(max-width: 1024px) 100vw, 1024px\" \/><\/figure>\n\n\n\n<h1 class=\"alignwide has-text-align-center\">ESPECT\u00c1CULOS<\/h1>\n\n\n\n\n\n<div class=\"wp-block-columns\">\n<div class=\"wp-block-column\">\n<div class=\"wp-block-columns\">\n<div class=\"wp-block-column\" style=\"flex-basis:33.33%\">\n<div class=\"wp-block-image\"><figure class=\"aligncenter size-full is-resized\"><a href=\"http:\/\/elmonohabitado.com\/team\/guapa\"><img loading=\"lazy\" src=\"http:\/\/elmonohabitado.com\/wp-content\/uploads\/2023\/10\/miniat-espectaculo-GUAPA.png\" alt=\"\" class=\"wp-image-2563\" width=\"333\" height=\"189\" srcset=\"https:\/\/elmonohabitado.com\/wp-content\/uploads\/2023\/10\/miniat-espectaculo-GUAPA.png 336w, https:\/\/elmonohabitado.com\/wp-content\/uploads\/2023\/10\/miniat-espectaculo-GUAPA-300x171.png 300w\" sizes=\"(max-width: 333px) 100vw, 333px\" \/><\/a><\/figure><\/div>\n<\/div>\n\n\n\n<div class=\"wp-block-column\" style=\"flex-basis:66.66%\">\n<p><\/p>\n\n\n\n<h2 class=\"alignfull\">\u00a1GUAPA!<\/h2>\n\n\n\n<p class=\"has-text-align-left\">Un espect\u00e1culo sobre la belleza que no se ve.<br>Espect\u00e1culo de sala<br>Castellano<br>Duraci\u00f3n 75\u2032<\/p>\n<\/div>\n<\/div>\n<\/div>\n<\/div>\n\n\n\n<div class=\"wp-block-columns\">\n<div class=\"wp-block-column\" style=\"flex-basis:33.33%\">\n<div class=\"wp-block-image\"><figure class=\"aligncenter size-full is-resized\"><a href=\"http:\/\/elmonohabitado.com\/team\/terricolas\"><img loading=\"lazy\" src=\"http:\/\/elmonohabitado.com\/wp-content\/uploads\/2023\/01\/miniat-espectaculo-TERRICOLAS.png\" alt=\"\" class=\"wp-image-2187\" width=\"328\" height=\"187\" srcset=\"https:\/\/elmonohabitado.com\/wp-content\/uploads\/2023\/01\/miniat-espectaculo-TERRICOLAS.png 336w, https:\/\/elmonohabitado.com\/wp-content\/uploads\/2023\/01\/miniat-espectaculo-TERRICOLAS-300x171.png 300w\" sizes=\"(max-width: 328px) 100vw, 328px\" \/><\/a><\/figure><\/div>\n<\/div>\n\n\n\n<div class=\"wp-block-column\" style=\"flex-basis:66.66%\">\n<h2><\/h2>\n\n\n\n<h2>TERR\u00cdCOLAS<\/h2>\n\n\n\n<p>Un espect\u00e1culo sobre la belleza que no se ve.<br>Espect\u00e1culo de sala<br>Castellano<br>Duraci\u00f3n 75\u2032<\/p>\n<\/div>\n<\/div>\n\n\n\n<div class=\"wp-block-columns\">\n<div class=\"wp-block-column\" style=\"flex-basis:100%\">\n<div class=\"wp-block-columns\">\n<div class=\"wp-block-column\" style=\"flex-basis:100%\">\n<div class=\"wp-block-columns\">\n<div class=\"wp-block-column\" style=\"flex-basis:100%\">\n<div class=\"wp-block-columns\">\n<div class=\"wp-block-column\"><\/div>\n\n\n\n<div class=\"wp-block-column\"><\/div>\n<\/div>\n\n\n\n<div class=\"wp-block-columns\">\n<div class=\"wp-block-column\" style=\"flex-basis:33.33%\">\n<div class=\"wp-block-image\"><figure class=\"aligncenter size-full is-resized\"><a href=\"http:\/\/elmonohabitado.com\/team\/la-buena-letra\"><img loading=\"lazy\" src=\"http:\/\/elmonohabitado.com\/wp-content\/uploads\/2022\/07\/miniat-espectaculo-LA-BUENA-LETRA.png\" alt=\"\" class=\"wp-image-2000\" width=\"323\" height=\"185\" srcset=\"https:\/\/elmonohabitado.com\/wp-content\/uploads\/2022\/07\/miniat-espectaculo-LA-BUENA-LETRA.png 336w, https:\/\/elmonohabitado.com\/wp-content\/uploads\/2022\/07\/miniat-espectaculo-LA-BUENA-LETRA-300x171.png 300w\" sizes=\"(max-width: 323px) 100vw, 323px\" \/><\/a><\/figure><\/div>\n<\/div>\n\n\n\n<div class=\"wp-block-column\" style=\"flex-basis:66.66%\">\n<h2><\/h2>\n\n\n\n<h2>LA BUENA LETRA<\/h2>\n\n\n\n<p>Un laberinto con grietas.<br>Peque\u00f1o formato<br>Castellano<br>Duraci\u00f3n 20\u2032<\/p>\n\n\n\n<p class=\"has-text-align-left\"><\/p>\n<\/div>\n<\/div>\n<\/div>\n<\/div>\n\n\n\n<div class=\"wp-block-columns\">\n<div class=\"wp-block-column\" style=\"flex-basis:33.33%\">\n<div class=\"wp-block-image\"><figure class=\"aligncenter size-full is-resized\"><a href=\"http:\/\/elmonohabitado.com\/team\/ave-osos\"><img loading=\"lazy\" src=\"http:\/\/elmonohabitado.com\/wp-content\/uploads\/2020\/03\/miniat-espect\u00e1culo-AVE.png\" alt=\"\" class=\"wp-image-1194\" width=\"336\" height=\"193\" srcset=\"https:\/\/elmonohabitado.com\/wp-content\/uploads\/2020\/03\/miniat-espect\u00e1culo-AVE.png 336w, https:\/\/elmonohabitado.com\/wp-content\/uploads\/2020\/03\/miniat-espect\u00e1culo-AVE-300x171.png 300w\" sizes=\"(max-width: 336px) 100vw, 336px\" \/><\/a><\/figure><\/div>\n<\/div>\n\n\n\n<div class=\"wp-block-column is-vertically-aligned-center\" style=\"flex-basis:66.66%\">\n<h2><\/h2>\n\n\n\n<h2>\u00a1AVE,OSOS!<\/h2>\n\n\n\n<p>Una mirada cr\u00edtica y llena de ternura a muchos de nuestros t\u00f3picos.<br>Espect\u00e1culo de sala<br>Castellano<br>Duraci\u00f3n 80\u2032<\/p>\n<\/div>\n<\/div>\n\n\n\n<div class=\"wp-block-columns\">\n<div class=\"wp-block-column\" style=\"flex-basis:33.33%\">\n<div class=\"wp-block-image\"><figure class=\"aligncenter size-full is-resized\"><a href=\"http:\/\/elmonohabitado.com\/team\/benditas-todo-viene-del-cielo\"><img loading=\"lazy\" src=\"http:\/\/elmonohabitado.com\/wp-content\/uploads\/2018\/08\/ESPECTACULOS-MINIAT-TODO-VIENE.png\" alt=\"\" class=\"wp-image-3194\" width=\"337\" height=\"192\" srcset=\"https:\/\/elmonohabitado.com\/wp-content\/uploads\/2018\/08\/ESPECTACULOS-MINIAT-TODO-VIENE.png 336w, https:\/\/elmonohabitado.com\/wp-content\/uploads\/2018\/08\/ESPECTACULOS-MINIAT-TODO-VIENE-300x171.png 300w\" sizes=\"(max-width: 337px) 100vw, 337px\" \/><\/a><\/figure><\/div>\n<\/div>\n\n\n\n<div class=\"wp-block-column\" style=\"flex-basis:66.66%\">\n<h2><\/h2>\n\n\n\n<h2>BENDITAS.TODO VIENE DEL CIELO<\/h2>\n\n\n\n<p>Una comedia fuera de \u00f3rbita.<br>Espect\u00e1culo de sala<br>Castellano<br>Duraci\u00f3n 75\u2032<\/p>\n\n\n\n<p><\/p>\n<\/div>\n<\/div>\n\n\n\n<div class=\"wp-block-columns\">\n<div class=\"wp-block-column\" style=\"flex-basis:33.33%\">\n<div class=\"wp-block-image\"><figure class=\"aligncenter size-full is-resized\"><a href=\"http:\/\/elmonohabitado.com\/team\/gizaunka\"><img loading=\"lazy\" src=\"http:\/\/elmonohabitado.com\/wp-content\/uploads\/2020\/07\/miniat-espect\u00e1culo-GIZAUNKA.png\" alt=\"\" class=\"wp-image-1265\" width=\"335\" height=\"192\" srcset=\"https:\/\/elmonohabitado.com\/wp-content\/uploads\/2020\/07\/miniat-espect\u00e1culo-GIZAUNKA.png 336w, https:\/\/elmonohabitado.com\/wp-content\/uploads\/2020\/07\/miniat-espect\u00e1culo-GIZAUNKA-300x171.png 300w\" sizes=\"(max-width: 335px) 100vw, 335px\" \/><\/a><\/figure><\/div>\n<\/div>\n\n\n\n<div class=\"wp-block-column\" style=\"flex-basis:66.66%\">\n<h2><\/h2>\n\n\n\n<h2>SR.CANINO<\/h2>\n\n\n\n<p>Peque\u00f1o formato.<br>Castellano o euskera.<br>Duraci\u00f3n 20\u00b4<\/p>\n<\/div>\n<\/div>\n\n\n\n<div class=\"wp-block-columns\">\n<div class=\"wp-block-column\" style=\"flex-basis:33.33%\">\n<div class=\"wp-block-image\"><figure class=\"aligncenter size-full is-resized\"><a href=\"http:\/\/elmonohabitado.com\/team\/benditas\"><img loading=\"lazy\" src=\"http:\/\/elmonohabitado.com\/wp-content\/uploads\/2018\/07\/ESPECTACULOS-MINIAT-BENDITAS-2.png\" alt=\"\" class=\"wp-image-111\" width=\"331\" height=\"190\" srcset=\"https:\/\/elmonohabitado.com\/wp-content\/uploads\/2018\/07\/ESPECTACULOS-MINIAT-BENDITAS-2.png 336w, https:\/\/elmonohabitado.com\/wp-content\/uploads\/2018\/07\/ESPECTACULOS-MINIAT-BENDITAS-2-300x171.png 300w\" sizes=\"(max-width: 331px) 100vw, 331px\" \/><\/a><\/figure><\/div>\n<\/div>\n\n\n\n<div class=\"wp-block-column\" style=\"flex-basis:66.66%\">\n<h2>BENDITAS (Teatro Breve)<\/h2>\n\n\n\n<p>Dos pastoras y un resplandor. Un delirio de pulgas y milagros.<br>Peque\u00f1o formato<br>Espacios no convencionales y calle<br>Castellano<br>Duraci\u00f3n 24\u2032<\/p>\n<\/div>\n<\/div>\n<\/div>\n<\/div>\n\n\n\n<div class=\"wp-block-columns\">\n<div class=\"wp-block-column\" style=\"flex-basis:33.33%\">\n<div class=\"wp-block-image\"><figure class=\"aligncenter size-full is-resized\"><a href=\"http:\/\/elmonohabitado.com\/team\/souvenirs\"><img loading=\"lazy\" src=\"http:\/\/elmonohabitado.com\/wp-content\/uploads\/2021\/05\/miniat-espectaculo-SOUVENIRS.png\" alt=\"\" class=\"wp-image-2503\" width=\"339\" height=\"194\"\/><\/a><\/figure><\/div>\n<\/div>\n\n\n\n<div class=\"wp-block-column\" style=\"flex-basis:66.66%\">\n<h2><\/h2>\n\n\n\n<h2>SOUVENIRS<\/h2>\n\n\n\n<p>Un chapuz\u00f3n en un mar de recuerdos.<br>Peque\u00f1o formato<br>Castellano<br>Duraci\u00f3n 21\u2032<\/p>\n<\/div>\n<\/div>\n<\/div>\n<\/div>\n\n\n\n<div class=\"wp-block-columns\"><\/div>\n\n\n\n<div class=\"wp-block-columns\"><\/div>\n","protected":false},"excerpt":{"rendered":"<p>ESPECT\u00c1CULOS \u00a1GUAPA! Un espect\u00e1culo sobre la belleza que no se ve.Espect\u00e1culo de salaCastellanoDuraci\u00f3n 75\u2032 TERR\u00cdCOLAS Un espect\u00e1culo sobre la belleza que no se ve.Espect\u00e1culo de&hellip; <\/p>\n","protected":false},"author":1,"featured_media":65,"parent":0,"menu_order":0,"comment_status":"closed","ping_status":"closed","template":"elementor_header_footer","meta":{"_monsterinsights_skip_tracking":false,"_monsterinsights_sitenote_active":false,"_monsterinsights_sitenote_note":"","_monsterinsights_sitenote_category":0},"translation":{"provider":"WPGlobus","version":"2.8.11","language":"eu","enabled_languages":["es","eu","en"],"languages":{"es":{"title":true,"content":true,"excerpt":false},"eu":{"title":true,"content":false,"excerpt":false},"en":{"title":true,"content":true,"excerpt":false}}},"_links":{"self":[{"href":"https:\/\/elmonohabitado.com\/eu\/wp-json\/wp\/v2\/pages\/180"}],"collection":[{"href":"https:\/\/elmonohabitado.com\/eu\/wp-json\/wp\/v2\/pages"}],"about":[{"href":"https:\/\/elmonohabitado.com\/eu\/wp-json\/wp\/v2\/types\/page"}],"author":[{"embeddable":true,"href":"https:\/\/elmonohabitado.com\/eu\/wp-json\/wp\/v2\/users\/1"}],"replies":[{"embeddable":true,"href":"https:\/\/elmonohabitado.com\/eu\/wp-json\/wp\/v2\/comments?post=180"}],"version-history":[{"count":277,"href":"https:\/\/elmonohabitado.com\/eu\/wp-json\/wp\/v2\/pages\/180\/revisions"}],"predecessor-version":[{"id":3204,"href":"https:\/\/elmonohabitado.com\/eu\/wp-json\/wp\/v2\/pages\/180\/revisions\/3204"}],"wp:featuredmedia":[{"embeddable":true,"href":"https:\/\/elmonohabitado.com\/eu\/wp-json\/wp\/v2\/media\/65"}],"wp:attachment":[{"href":"https:\/\/elmonohabitado.com\/eu\/wp-json\/wp\/v2\/media?parent=180"}],"curies":[{"name":"wp","href":"https:\/\/api.w.org\/{rel}","templated":true}]}}